{"id":1855,"date":"2025-03-25T07:03:50","date_gmt":"2025-03-25T11:03:50","guid":{"rendered":"https:\/\/royalstreaming.com\/?page_id=1855"},"modified":"2025-06-09T09:58:48","modified_gmt":"2025-06-09T13:58:48","slug":"butiksmeddelanden","status":"publish","type":"page","link":"https:\/\/royalstreaming.com\/sv\/tjanster\/ljudproduktion\/butiksmeddelanden\/","title":{"rendered":"Butiksmeddelanden"},"content":{"rendered":"","protected":false},"excerpt":{"rendered":"","protected":false},"author":3,"featured_media":0,"parent":227,"menu_order":0,"comment_status":"closed","ping_status":"closed","template":"ct-flexible-sections.php","meta":{"_acf_changed":false,"footnotes":"","_links_to":"","_links_to_target":""},"class_list":["post-1855","page","type-page","status-publish","hentry"],"acf":[],"yoast_head":"<!-- This site is optimized with the Yoast SEO plugin v27.4 - https:\/\/yoast.com\/product\/yoast-seo-wordpress\/ -->\n<title>Butiksmeddelanden - Royal Streaming<\/title>\n<meta name=\"description\" content=\"N\u00e5 kunderna i realtid med skr\u00e4ddarsydda butiksmeddelanden i butik. Perfekt f\u00f6r kampanjer, information och inspiration p\u00e5 plats.\" \/>\n<meta name=\"robots\" content=\"index, follow, max-snippet:-1, max-image-preview:large, max-video-preview:-1\" \/>\n<link rel=\"canonical\" href=\"https:\/\/royalstreaming.com\/sv\/tjanster\/ljudproduktion\/butiksmeddelanden\/\" \/>\n<meta property=\"og:locale\" content=\"sv_SE\" \/>\n<meta property=\"og:type\" content=\"article\" \/>\n<meta property=\"og:title\" content=\"Butiksmeddelanden - Royal Streaming\" \/>\n<meta property=\"og:description\" content=\"N\u00e5 kunderna i realtid med skr\u00e4ddarsydda butiksmeddelanden i butik. Perfekt f\u00f6r kampanjer, information och inspiration p\u00e5 plats.\" \/>\n<meta property=\"og:url\" content=\"https:\/\/royalstreaming.com\/sv\/tjanster\/ljudproduktion\/butiksmeddelanden\/\" \/>\n<meta property=\"og:site_name\" content=\"Royal Streaming\" \/>\n<meta property=\"article:publisher\" content=\"https:\/\/www.facebook.com\/royalstreamingmusic\/\" \/>\n<meta property=\"article:modified_time\" content=\"2025-06-09T13:58:48+00:00\" \/>\n<meta name=\"twitter:card\" content=\"summary_large_image\" \/>\n<meta name=\"twitter:label1\" content=\"Ber\u00e4knad l\u00e4stid\" \/>\n\t<meta name=\"twitter:data1\" content=\"3 minuter\" \/>\n<script type=\"application\/ld+json\" class=\"yoast-schema-graph\">{\"@context\":\"https:\\\/\\\/schema.org\",\"@graph\":[{\"@type\":\"WebPage\",\"@id\":\"https:\\\/\\\/royalstreaming.com\\\/sv\\\/tjanster\\\/ljudproduktion\\\/butiksmeddelanden\\\/\",\"url\":\"https:\\\/\\\/royalstreaming.com\\\/sv\\\/tjanster\\\/ljudproduktion\\\/butiksmeddelanden\\\/\",\"name\":\"Butiksmeddelanden - Royal Streaming\",\"isPartOf\":{\"@id\":\"https:\\\/\\\/royalstreaming.com\\\/sv\\\/#website\"},\"datePublished\":\"2025-03-25T11:03:50+00:00\",\"dateModified\":\"2025-06-09T13:58:48+00:00\",\"description\":\"N\u00e5 kunderna i realtid med skr\u00e4ddarsydda butiksmeddelanden i butik. Perfekt f\u00f6r kampanjer, information och inspiration p\u00e5 plats.\",\"breadcrumb\":{\"@id\":\"https:\\\/\\\/royalstreaming.com\\\/sv\\\/tjanster\\\/ljudproduktion\\\/butiksmeddelanden\\\/#breadcrumb\"},\"inLanguage\":\"sv-SE\",\"potentialAction\":[{\"@type\":\"ReadAction\",\"target\":[\"https:\\\/\\\/royalstreaming.com\\\/sv\\\/tjanster\\\/ljudproduktion\\\/butiksmeddelanden\\\/\"]}]},{\"@type\":\"BreadcrumbList\",\"@id\":\"https:\\\/\\\/royalstreaming.com\\\/sv\\\/tjanster\\\/ljudproduktion\\\/butiksmeddelanden\\\/#breadcrumb\",\"itemListElement\":[{\"@type\":\"ListItem\",\"position\":1,\"name\":\"Hem\",\"item\":\"https:\\\/\\\/royalstreaming.com\\\/sv\\\/\"},{\"@type\":\"ListItem\",\"position\":2,\"name\":\"Tj\u00e4nster\",\"item\":\"https:\\\/\\\/royalstreaming.com\\\/sv\\\/services\\\/\"},{\"@type\":\"ListItem\",\"position\":3,\"name\":\"Ljudproduktion\",\"item\":\"https:\\\/\\\/royalstreaming.com\\\/sv\\\/tjanster\\\/ljudproduktion\\\/\"},{\"@type\":\"ListItem\",\"position\":4,\"name\":\"Butiksmeddelanden\"}]},{\"@type\":\"WebSite\",\"@id\":\"https:\\\/\\\/royalstreaming.com\\\/sv\\\/#website\",\"url\":\"https:\\\/\\\/royalstreaming.com\\\/sv\\\/\",\"name\":\"Royal Streaming\",\"description\":\"Bringing brands to life\",\"publisher\":{\"@id\":\"https:\\\/\\\/royalstreaming.com\\\/sv\\\/#organization\"},\"potentialAction\":[{\"@type\":\"SearchAction\",\"target\":{\"@type\":\"EntryPoint\",\"urlTemplate\":\"https:\\\/\\\/royalstreaming.com\\\/sv\\\/?s={search_term_string}\"},\"query-input\":{\"@type\":\"PropertyValueSpecification\",\"valueRequired\":true,\"valueName\":\"search_term_string\"}}],\"inLanguage\":\"sv-SE\"},{\"@type\":\"Organization\",\"@id\":\"https:\\\/\\\/royalstreaming.com\\\/sv\\\/#organization\",\"name\":\"Royal Streaming\",\"url\":\"https:\\\/\\\/royalstreaming.com\\\/sv\\\/\",\"logo\":{\"@type\":\"ImageObject\",\"inLanguage\":\"sv-SE\",\"@id\":\"https:\\\/\\\/royalstreaming.com\\\/sv\\\/#\\\/schema\\\/logo\\\/image\\\/\",\"url\":\"https:\\\/\\\/royalstreaming.com\\\/wp-content\\\/uploads\\\/2025\\\/03\\\/logo.png\",\"contentUrl\":\"https:\\\/\\\/royalstreaming.com\\\/wp-content\\\/uploads\\\/2025\\\/03\\\/logo.png\",\"width\":1756,\"height\":253,\"caption\":\"Royal Streaming\"},\"image\":{\"@id\":\"https:\\\/\\\/royalstreaming.com\\\/sv\\\/#\\\/schema\\\/logo\\\/image\\\/\"},\"sameAs\":[\"https:\\\/\\\/www.facebook.com\\\/royalstreamingmusic\\\/\",\"https:\\\/\\\/www.instagram.com\\\/royalstreaming\\\/\",\"https:\\\/\\\/linkedin.com\\\/company\\\/royal-streaming\",\"https:\\\/\\\/open.spotify.com\\\/user\\\/royalstreamingmusic\",\"https:\\\/\\\/www.youtube.com\\\/@RoyalStreaming\"]}]}<\/script>\n<!-- \/ Yoast SEO plugin. -->","yoast_head_json":{"title":"Butiksmeddelanden - Royal Streaming","description":"N\u00e5 kunderna i realtid med skr\u00e4ddarsydda butiksmeddelanden i butik. Perfekt f\u00f6r kampanjer, information och inspiration p\u00e5 plats.","robots":{"index":"index","follow":"follow","max-snippet":"max-snippet:-1","max-image-preview":"max-image-preview:large","max-video-preview":"max-video-preview:-1"},"canonical":"https:\/\/royalstreaming.com\/sv\/tjanster\/ljudproduktion\/butiksmeddelanden\/","og_locale":"sv_SE","og_type":"article","og_title":"Butiksmeddelanden - Royal Streaming","og_description":"N\u00e5 kunderna i realtid med skr\u00e4ddarsydda butiksmeddelanden i butik. Perfekt f\u00f6r kampanjer, information och inspiration p\u00e5 plats.","og_url":"https:\/\/royalstreaming.com\/sv\/tjanster\/ljudproduktion\/butiksmeddelanden\/","og_site_name":"Royal Streaming","article_publisher":"https:\/\/www.facebook.com\/royalstreamingmusic\/","article_modified_time":"2025-06-09T13:58:48+00:00","twitter_card":"summary_large_image","twitter_misc":{"Ber\u00e4knad l\u00e4stid":"3 minuter"},"schema":{"@context":"https:\/\/schema.org","@graph":[{"@type":"WebPage","@id":"https:\/\/royalstreaming.com\/sv\/tjanster\/ljudproduktion\/butiksmeddelanden\/","url":"https:\/\/royalstreaming.com\/sv\/tjanster\/ljudproduktion\/butiksmeddelanden\/","name":"Butiksmeddelanden - Royal Streaming","isPartOf":{"@id":"https:\/\/royalstreaming.com\/sv\/#website"},"datePublished":"2025-03-25T11:03:50+00:00","dateModified":"2025-06-09T13:58:48+00:00","description":"N\u00e5 kunderna i realtid med skr\u00e4ddarsydda butiksmeddelanden i butik. Perfekt f\u00f6r kampanjer, information och inspiration p\u00e5 plats.","breadcrumb":{"@id":"https:\/\/royalstreaming.com\/sv\/tjanster\/ljudproduktion\/butiksmeddelanden\/#breadcrumb"},"inLanguage":"sv-SE","potentialAction":[{"@type":"ReadAction","target":["https:\/\/royalstreaming.com\/sv\/tjanster\/ljudproduktion\/butiksmeddelanden\/"]}]},{"@type":"BreadcrumbList","@id":"https:\/\/royalstreaming.com\/sv\/tjanster\/ljudproduktion\/butiksmeddelanden\/#breadcrumb","itemListElement":[{"@type":"ListItem","position":1,"name":"Hem","item":"https:\/\/royalstreaming.com\/sv\/"},{"@type":"ListItem","position":2,"name":"Tj\u00e4nster","item":"https:\/\/royalstreaming.com\/sv\/services\/"},{"@type":"ListItem","position":3,"name":"Ljudproduktion","item":"https:\/\/royalstreaming.com\/sv\/tjanster\/ljudproduktion\/"},{"@type":"ListItem","position":4,"name":"Butiksmeddelanden"}]},{"@type":"WebSite","@id":"https:\/\/royalstreaming.com\/sv\/#website","url":"https:\/\/royalstreaming.com\/sv\/","name":"Royal Streaming","description":"Bringing brands to life","publisher":{"@id":"https:\/\/royalstreaming.com\/sv\/#organization"},"potentialAction":[{"@type":"SearchAction","target":{"@type":"EntryPoint","urlTemplate":"https:\/\/royalstreaming.com\/sv\/?s={search_term_string}"},"query-input":{"@type":"PropertyValueSpecification","valueRequired":true,"valueName":"search_term_string"}}],"inLanguage":"sv-SE"},{"@type":"Organization","@id":"https:\/\/royalstreaming.com\/sv\/#organization","name":"Royal Streaming","url":"https:\/\/royalstreaming.com\/sv\/","logo":{"@type":"ImageObject","inLanguage":"sv-SE","@id":"https:\/\/royalstreaming.com\/sv\/#\/schema\/logo\/image\/","url":"https:\/\/royalstreaming.com\/wp-content\/uploads\/2025\/03\/logo.png","contentUrl":"https:\/\/royalstreaming.com\/wp-content\/uploads\/2025\/03\/logo.png","width":1756,"height":253,"caption":"Royal Streaming"},"image":{"@id":"https:\/\/royalstreaming.com\/sv\/#\/schema\/logo\/image\/"},"sameAs":["https:\/\/www.facebook.com\/royalstreamingmusic\/","https:\/\/www.instagram.com\/royalstreaming\/","https:\/\/linkedin.com\/company\/royal-streaming","https:\/\/open.spotify.com\/user\/royalstreamingmusic","https:\/\/www.youtube.com\/@RoyalStreaming"]}]}},"_links":{"self":[{"href":"https:\/\/royalstreaming.com\/sv\/wp-json\/wp\/v2\/pages\/1855","targetHints":{"allow":["GET"]}}],"collection":[{"href":"https:\/\/royalstreaming.com\/sv\/wp-json\/wp\/v2\/pages"}],"about":[{"href":"https:\/\/royalstreaming.com\/sv\/wp-json\/wp\/v2\/types\/page"}],"author":[{"embeddable":true,"href":"https:\/\/royalstreaming.com\/sv\/wp-json\/wp\/v2\/users\/3"}],"replies":[{"embeddable":true,"href":"https:\/\/royalstreaming.com\/sv\/wp-json\/wp\/v2\/comments?post=1855"}],"version-history":[{"count":29,"href":"https:\/\/royalstreaming.com\/sv\/wp-json\/wp\/v2\/pages\/1855\/revisions"}],"predecessor-version":[{"id":5045,"href":"https:\/\/royalstreaming.com\/sv\/wp-json\/wp\/v2\/pages\/1855\/revisions\/5045"}],"up":[{"embeddable":true,"href":"https:\/\/royalstreaming.com\/sv\/wp-json\/wp\/v2\/pages\/227"}],"wp:attachment":[{"href":"https:\/\/royalstreaming.com\/sv\/wp-json\/wp\/v2\/media?parent=1855"}],"curies":[{"name":"wp","href":"https:\/\/api.w.org\/{rel}","templated":true}]}}