{"id":223,"date":"2025-02-19T14:47:51","date_gmt":"2025-02-19T13:47:51","guid":{"rendered":"http:\/\/royal\/?page_id=223"},"modified":"2025-10-06T08:47:51","modified_gmt":"2025-10-06T06:47:51","slug":"om-oss","status":"publish","type":"page","link":"https:\/\/royalstreaming.com\/sv\/om-oss\/","title":{"rendered":"Om oss"},"content":{"rendered":"","protected":false},"excerpt":{"rendered":"","protected":false},"author":1,"featured_media":4117,"parent":0,"menu_order":0,"comment_status":"closed","ping_status":"closed","template":"ct-flexible-sections.php","meta":{"_acf_changed":false,"footnotes":"","_links_to":"","_links_to_target":""},"class_list":["post-223","page","type-page","status-publish","has-post-thumbnail","hentry"],"acf":[],"yoast_head":"<!-- This site is optimized with the Yoast SEO plugin v26.4 - https:\/\/yoast.com\/wordpress\/plugins\/seo\/ -->\n<title>Om oss - Royal Streaming<\/title>\n<meta name=\"description\" content=\"Vi hj\u00e4lper f\u00f6retag att skapa r\u00e4tt ljudmilj\u00f6 genom anpassad musik som st\u00e4rker varum\u00e4rket, engagerar kunder och bidrar till \u00f6kad f\u00f6rs\u00e4ljning.\" \/>\n<meta name=\"robots\" content=\"index, follow, max-snippet:-1, max-image-preview:large, max-video-preview:-1\" \/>\n<link rel=\"canonical\" href=\"https:\/\/royalstreaming.com\/sv\/om-oss\/\" \/>\n<meta property=\"og:locale\" content=\"sv_SE\" \/>\n<meta property=\"og:type\" content=\"article\" \/>\n<meta property=\"og:title\" content=\"Om oss - Royal Streaming\" \/>\n<meta property=\"og:description\" content=\"Vi hj\u00e4lper f\u00f6retag att skapa r\u00e4tt ljudmilj\u00f6 genom anpassad musik som st\u00e4rker varum\u00e4rket, engagerar kunder och bidrar till \u00f6kad f\u00f6rs\u00e4ljning.\" \/>\n<meta property=\"og:url\" content=\"https:\/\/royalstreaming.com\/sv\/om-oss\/\" \/>\n<meta property=\"og:site_name\" content=\"Royal Streaming\" \/>\n<meta property=\"article:publisher\" content=\"https:\/\/www.facebook.com\/royalstreamingmusic\/\" \/>\n<meta property=\"article:modified_time\" content=\"2025-10-06T06:47:51+00:00\" \/>\n<meta property=\"og:image\" content=\"https:\/\/royalstreaming.com\/wp-content\/uploads\/2025\/04\/royal-streaming-launch-new-logo-scaled.jpg\" \/>\n\t<meta property=\"og:image:width\" content=\"2048\" \/>\n\t<meta property=\"og:image:height\" content=\"2560\" \/>\n\t<meta property=\"og:image:type\" content=\"image\/jpeg\" \/>\n<meta name=\"twitter:card\" content=\"summary_large_image\" \/>\n<meta name=\"twitter:label1\" content=\"Ber\u00e4knad l\u00e4stid\" \/>\n\t<meta name=\"twitter:data1\" content=\"4 minuter\" \/>\n<script type=\"application\/ld+json\" class=\"yoast-schema-graph\">{\"@context\":\"https:\/\/schema.org\",\"@graph\":[{\"@type\":\"WebPage\",\"@id\":\"https:\/\/royalstreaming.com\/sv\/om-oss\/\",\"url\":\"https:\/\/royalstreaming.com\/sv\/om-oss\/\",\"name\":\"Om oss - Royal Streaming\",\"isPartOf\":{\"@id\":\"https:\/\/royalstreaming.com\/sv\/#website\"},\"primaryImageOfPage\":{\"@id\":\"https:\/\/royalstreaming.com\/sv\/om-oss\/#primaryimage\"},\"image\":{\"@id\":\"https:\/\/royalstreaming.com\/sv\/om-oss\/#primaryimage\"},\"thumbnailUrl\":\"https:\/\/royalstreaming.com\/wp-content\/uploads\/2025\/04\/royal-streaming-launch-new-logo-scaled.jpg\",\"datePublished\":\"2025-02-19T13:47:51+00:00\",\"dateModified\":\"2025-10-06T06:47:51+00:00\",\"description\":\"Vi hj\u00e4lper f\u00f6retag att skapa r\u00e4tt ljudmilj\u00f6 genom anpassad musik som st\u00e4rker varum\u00e4rket, engagerar kunder och bidrar till \u00f6kad f\u00f6rs\u00e4ljning.\",\"breadcrumb\":{\"@id\":\"https:\/\/royalstreaming.com\/sv\/om-oss\/#breadcrumb\"},\"inLanguage\":\"sv-SE\",\"potentialAction\":[{\"@type\":\"ReadAction\",\"target\":[\"https:\/\/royalstreaming.com\/sv\/om-oss\/\"]}]},{\"@type\":\"ImageObject\",\"inLanguage\":\"sv-SE\",\"@id\":\"https:\/\/royalstreaming.com\/sv\/om-oss\/#primaryimage\",\"url\":\"https:\/\/royalstreaming.com\/wp-content\/uploads\/2025\/04\/royal-streaming-launch-new-logo-scaled.jpg\",\"contentUrl\":\"https:\/\/royalstreaming.com\/wp-content\/uploads\/2025\/04\/royal-streaming-launch-new-logo-scaled.jpg\",\"width\":2048,\"height\":2560},{\"@type\":\"BreadcrumbList\",\"@id\":\"https:\/\/royalstreaming.com\/sv\/om-oss\/#breadcrumb\",\"itemListElement\":[{\"@type\":\"ListItem\",\"position\":1,\"name\":\"Hem\",\"item\":\"https:\/\/royalstreaming.com\/sv\/\"},{\"@type\":\"ListItem\",\"position\":2,\"name\":\"Om oss\"}]},{\"@type\":\"WebSite\",\"@id\":\"https:\/\/royalstreaming.com\/sv\/#website\",\"url\":\"https:\/\/royalstreaming.com\/sv\/\",\"name\":\"Royal Streaming\",\"description\":\"Bringing brands to life\",\"publisher\":{\"@id\":\"https:\/\/royalstreaming.com\/sv\/#organization\"},\"potentialAction\":[{\"@type\":\"SearchAction\",\"target\":{\"@type\":\"EntryPoint\",\"urlTemplate\":\"https:\/\/royalstreaming.com\/sv\/?s={search_term_string}\"},\"query-input\":{\"@type\":\"PropertyValueSpecification\",\"valueRequired\":true,\"valueName\":\"search_term_string\"}}],\"inLanguage\":\"sv-SE\"},{\"@type\":\"Organization\",\"@id\":\"https:\/\/royalstreaming.com\/sv\/#organization\",\"name\":\"Royal Streaming\",\"url\":\"https:\/\/royalstreaming.com\/sv\/\",\"logo\":{\"@type\":\"ImageObject\",\"inLanguage\":\"sv-SE\",\"@id\":\"https:\/\/royalstreaming.com\/sv\/#\/schema\/logo\/image\/\",\"url\":\"https:\/\/royalstreaming.com\/wp-content\/uploads\/2025\/03\/logo.png\",\"contentUrl\":\"https:\/\/royalstreaming.com\/wp-content\/uploads\/2025\/03\/logo.png\",\"width\":1756,\"height\":253,\"caption\":\"Royal Streaming\"},\"image\":{\"@id\":\"https:\/\/royalstreaming.com\/sv\/#\/schema\/logo\/image\/\"},\"sameAs\":[\"https:\/\/www.facebook.com\/royalstreamingmusic\/\",\"https:\/\/www.instagram.com\/royalstreaming\/\",\"https:\/\/linkedin.com\/company\/royal-streaming\",\"https:\/\/open.spotify.com\/user\/royalstreamingmusic\",\"https:\/\/www.youtube.com\/@RoyalStreaming\"]}]}<\/script>\n<!-- \/ Yoast SEO plugin. -->","yoast_head_json":{"title":"Om oss - Royal Streaming","description":"Vi hj\u00e4lper f\u00f6retag att skapa r\u00e4tt ljudmilj\u00f6 genom anpassad musik som st\u00e4rker varum\u00e4rket, engagerar kunder och bidrar till \u00f6kad f\u00f6rs\u00e4ljning.","robots":{"index":"index","follow":"follow","max-snippet":"max-snippet:-1","max-image-preview":"max-image-preview:large","max-video-preview":"max-video-preview:-1"},"canonical":"https:\/\/royalstreaming.com\/sv\/om-oss\/","og_locale":"sv_SE","og_type":"article","og_title":"Om oss - Royal Streaming","og_description":"Vi hj\u00e4lper f\u00f6retag att skapa r\u00e4tt ljudmilj\u00f6 genom anpassad musik som st\u00e4rker varum\u00e4rket, engagerar kunder och bidrar till \u00f6kad f\u00f6rs\u00e4ljning.","og_url":"https:\/\/royalstreaming.com\/sv\/om-oss\/","og_site_name":"Royal Streaming","article_publisher":"https:\/\/www.facebook.com\/royalstreamingmusic\/","article_modified_time":"2025-10-06T06:47:51+00:00","og_image":[{"width":2048,"height":2560,"url":"https:\/\/royalstreaming.com\/wp-content\/uploads\/2025\/04\/royal-streaming-launch-new-logo-scaled.jpg","type":"image\/jpeg"}],"twitter_card":"summary_large_image","twitter_misc":{"Ber\u00e4knad l\u00e4stid":"4 minuter"},"schema":{"@context":"https:\/\/schema.org","@graph":[{"@type":"WebPage","@id":"https:\/\/royalstreaming.com\/sv\/om-oss\/","url":"https:\/\/royalstreaming.com\/sv\/om-oss\/","name":"Om oss - Royal Streaming","isPartOf":{"@id":"https:\/\/royalstreaming.com\/sv\/#website"},"primaryImageOfPage":{"@id":"https:\/\/royalstreaming.com\/sv\/om-oss\/#primaryimage"},"image":{"@id":"https:\/\/royalstreaming.com\/sv\/om-oss\/#primaryimage"},"thumbnailUrl":"https:\/\/royalstreaming.com\/wp-content\/uploads\/2025\/04\/royal-streaming-launch-new-logo-scaled.jpg","datePublished":"2025-02-19T13:47:51+00:00","dateModified":"2025-10-06T06:47:51+00:00","description":"Vi hj\u00e4lper f\u00f6retag att skapa r\u00e4tt ljudmilj\u00f6 genom anpassad musik som st\u00e4rker varum\u00e4rket, engagerar kunder och bidrar till \u00f6kad f\u00f6rs\u00e4ljning.","breadcrumb":{"@id":"https:\/\/royalstreaming.com\/sv\/om-oss\/#breadcrumb"},"inLanguage":"sv-SE","potentialAction":[{"@type":"ReadAction","target":["https:\/\/royalstreaming.com\/sv\/om-oss\/"]}]},{"@type":"ImageObject","inLanguage":"sv-SE","@id":"https:\/\/royalstreaming.com\/sv\/om-oss\/#primaryimage","url":"https:\/\/royalstreaming.com\/wp-content\/uploads\/2025\/04\/royal-streaming-launch-new-logo-scaled.jpg","contentUrl":"https:\/\/royalstreaming.com\/wp-content\/uploads\/2025\/04\/royal-streaming-launch-new-logo-scaled.jpg","width":2048,"height":2560},{"@type":"BreadcrumbList","@id":"https:\/\/royalstreaming.com\/sv\/om-oss\/#breadcrumb","itemListElement":[{"@type":"ListItem","position":1,"name":"Hem","item":"https:\/\/royalstreaming.com\/sv\/"},{"@type":"ListItem","position":2,"name":"Om oss"}]},{"@type":"WebSite","@id":"https:\/\/royalstreaming.com\/sv\/#website","url":"https:\/\/royalstreaming.com\/sv\/","name":"Royal Streaming","description":"Bringing brands to life","publisher":{"@id":"https:\/\/royalstreaming.com\/sv\/#organization"},"potentialAction":[{"@type":"SearchAction","target":{"@type":"EntryPoint","urlTemplate":"https:\/\/royalstreaming.com\/sv\/?s={search_term_string}"},"query-input":{"@type":"PropertyValueSpecification","valueRequired":true,"valueName":"search_term_string"}}],"inLanguage":"sv-SE"},{"@type":"Organization","@id":"https:\/\/royalstreaming.com\/sv\/#organization","name":"Royal Streaming","url":"https:\/\/royalstreaming.com\/sv\/","logo":{"@type":"ImageObject","inLanguage":"sv-SE","@id":"https:\/\/royalstreaming.com\/sv\/#\/schema\/logo\/image\/","url":"https:\/\/royalstreaming.com\/wp-content\/uploads\/2025\/03\/logo.png","contentUrl":"https:\/\/royalstreaming.com\/wp-content\/uploads\/2025\/03\/logo.png","width":1756,"height":253,"caption":"Royal Streaming"},"image":{"@id":"https:\/\/royalstreaming.com\/sv\/#\/schema\/logo\/image\/"},"sameAs":["https:\/\/www.facebook.com\/royalstreamingmusic\/","https:\/\/www.instagram.com\/royalstreaming\/","https:\/\/linkedin.com\/company\/royal-streaming","https:\/\/open.spotify.com\/user\/royalstreamingmusic","https:\/\/www.youtube.com\/@RoyalStreaming"]}]}},"_links":{"self":[{"href":"https:\/\/royalstreaming.com\/sv\/wp-json\/wp\/v2\/pages\/223","targetHints":{"allow":["GET"]}}],"collection":[{"href":"https:\/\/royalstreaming.com\/sv\/wp-json\/wp\/v2\/pages"}],"about":[{"href":"https:\/\/royalstreaming.com\/sv\/wp-json\/wp\/v2\/types\/page"}],"author":[{"embeddable":true,"href":"https:\/\/royalstreaming.com\/sv\/wp-json\/wp\/v2\/users\/1"}],"replies":[{"embeddable":true,"href":"https:\/\/royalstreaming.com\/sv\/wp-json\/wp\/v2\/comments?post=223"}],"version-history":[{"count":82,"href":"https:\/\/royalstreaming.com\/sv\/wp-json\/wp\/v2\/pages\/223\/revisions"}],"predecessor-version":[{"id":5767,"href":"https:\/\/royalstreaming.com\/sv\/wp-json\/wp\/v2\/pages\/223\/revisions\/5767"}],"wp:featuredmedia":[{"embeddable":true,"href":"https:\/\/royalstreaming.com\/sv\/wp-json\/wp\/v2\/media\/4117"}],"wp:attachment":[{"href":"https:\/\/royalstreaming.com\/sv\/wp-json\/wp\/v2\/media?parent=223"}],"curies":[{"name":"wp","href":"https:\/\/api.w.org\/{rel}","templated":true}]}}