{"id":236,"date":"2025-02-19T14:49:23","date_gmt":"2025-02-19T13:49:23","guid":{"rendered":"http:\/\/royal\/?page_id=236"},"modified":"2026-02-20T12:31:01","modified_gmt":"2026-02-20T11:31:01","slug":"musik-i-gym","status":"publish","type":"page","link":"https:\/\/royalstreaming.com\/sv\/branscher\/musik-i-gym\/","title":{"rendered":"Musik i gym"},"content":{"rendered":"","protected":false},"excerpt":{"rendered":"","protected":false},"author":1,"featured_media":0,"parent":254,"menu_order":0,"comment_status":"closed","ping_status":"closed","template":"ct-flexible-sections.php","meta":{"_acf_changed":false,"footnotes":"","_links_to":"","_links_to_target":""},"class_list":["post-236","page","type-page","status-publish","hentry"],"acf":[],"yoast_head":"<!-- This site is optimized with the Yoast SEO plugin v27.4 - https:\/\/yoast.com\/product\/yoast-seo-wordpress\/ -->\n<title>Musik i gym - Royal Streaming<\/title>\n<meta name=\"description\" content=\"H\u00f6j energin i ditt gym med r\u00e4tt typ av musik. V\u00e5r musiktj\u00e4nst passar allt fr\u00e5n grupptr\u00e4ning och PT-studios till yoga och funktionell tr\u00e4ning.\" \/>\n<meta name=\"robots\" content=\"index, follow, max-snippet:-1, max-image-preview:large, max-video-preview:-1\" \/>\n<link rel=\"canonical\" href=\"https:\/\/royalstreaming.com\/sv\/branscher\/musik-i-gym\/\" \/>\n<meta property=\"og:locale\" content=\"sv_SE\" \/>\n<meta property=\"og:type\" content=\"article\" \/>\n<meta property=\"og:title\" content=\"Musik i gym - Royal Streaming\" \/>\n<meta property=\"og:description\" content=\"H\u00f6j energin i ditt gym med r\u00e4tt typ av musik. V\u00e5r musiktj\u00e4nst passar allt fr\u00e5n grupptr\u00e4ning och PT-studios till yoga och funktionell tr\u00e4ning.\" \/>\n<meta property=\"og:url\" content=\"https:\/\/royalstreaming.com\/sv\/branscher\/musik-i-gym\/\" \/>\n<meta property=\"og:site_name\" content=\"Royal Streaming\" \/>\n<meta property=\"article:publisher\" content=\"https:\/\/www.facebook.com\/royalstreamingmusic\/\" \/>\n<meta property=\"article:modified_time\" content=\"2026-02-20T11:31:01+00:00\" \/>\n<meta name=\"twitter:card\" content=\"summary_large_image\" \/>\n<meta name=\"twitter:label1\" content=\"Ber\u00e4knad l\u00e4stid\" \/>\n\t<meta name=\"twitter:data1\" content=\"4 minuter\" \/>\n<script type=\"application\/ld+json\" class=\"yoast-schema-graph\">{\"@context\":\"https:\\\/\\\/schema.org\",\"@graph\":[{\"@type\":\"WebPage\",\"@id\":\"https:\\\/\\\/royalstreaming.com\\\/sv\\\/branscher\\\/musik-i-gym\\\/\",\"url\":\"https:\\\/\\\/royalstreaming.com\\\/sv\\\/branscher\\\/musik-i-gym\\\/\",\"name\":\"Musik i gym - Royal Streaming\",\"isPartOf\":{\"@id\":\"https:\\\/\\\/royalstreaming.com\\\/sv\\\/#website\"},\"datePublished\":\"2025-02-19T13:49:23+00:00\",\"dateModified\":\"2026-02-20T11:31:01+00:00\",\"description\":\"H\u00f6j energin i ditt gym med r\u00e4tt typ av musik. V\u00e5r musiktj\u00e4nst passar allt fr\u00e5n grupptr\u00e4ning och PT-studios till yoga och funktionell tr\u00e4ning.\",\"breadcrumb\":{\"@id\":\"https:\\\/\\\/royalstreaming.com\\\/sv\\\/branscher\\\/musik-i-gym\\\/#breadcrumb\"},\"inLanguage\":\"sv-SE\",\"potentialAction\":[{\"@type\":\"ReadAction\",\"target\":[\"https:\\\/\\\/royalstreaming.com\\\/sv\\\/branscher\\\/musik-i-gym\\\/\"]}]},{\"@type\":\"BreadcrumbList\",\"@id\":\"https:\\\/\\\/royalstreaming.com\\\/sv\\\/branscher\\\/musik-i-gym\\\/#breadcrumb\",\"itemListElement\":[{\"@type\":\"ListItem\",\"position\":1,\"name\":\"Hem\",\"item\":\"https:\\\/\\\/royalstreaming.com\\\/sv\\\/\"},{\"@type\":\"ListItem\",\"position\":2,\"name\":\"Branscher\",\"item\":\"https:\\\/\\\/royalstreaming.com\\\/sv\\\/branscher\\\/\"},{\"@type\":\"ListItem\",\"position\":3,\"name\":\"Musik i gym\"}]},{\"@type\":\"WebSite\",\"@id\":\"https:\\\/\\\/royalstreaming.com\\\/sv\\\/#website\",\"url\":\"https:\\\/\\\/royalstreaming.com\\\/sv\\\/\",\"name\":\"Royal Streaming\",\"description\":\"Bringing brands to life\",\"publisher\":{\"@id\":\"https:\\\/\\\/royalstreaming.com\\\/sv\\\/#organization\"},\"potentialAction\":[{\"@type\":\"SearchAction\",\"target\":{\"@type\":\"EntryPoint\",\"urlTemplate\":\"https:\\\/\\\/royalstreaming.com\\\/sv\\\/?s={search_term_string}\"},\"query-input\":{\"@type\":\"PropertyValueSpecification\",\"valueRequired\":true,\"valueName\":\"search_term_string\"}}],\"inLanguage\":\"sv-SE\"},{\"@type\":\"Organization\",\"@id\":\"https:\\\/\\\/royalstreaming.com\\\/sv\\\/#organization\",\"name\":\"Royal Streaming\",\"url\":\"https:\\\/\\\/royalstreaming.com\\\/sv\\\/\",\"logo\":{\"@type\":\"ImageObject\",\"inLanguage\":\"sv-SE\",\"@id\":\"https:\\\/\\\/royalstreaming.com\\\/sv\\\/#\\\/schema\\\/logo\\\/image\\\/\",\"url\":\"https:\\\/\\\/royalstreaming.com\\\/wp-content\\\/uploads\\\/2025\\\/03\\\/logo.png\",\"contentUrl\":\"https:\\\/\\\/royalstreaming.com\\\/wp-content\\\/uploads\\\/2025\\\/03\\\/logo.png\",\"width\":1756,\"height\":253,\"caption\":\"Royal Streaming\"},\"image\":{\"@id\":\"https:\\\/\\\/royalstreaming.com\\\/sv\\\/#\\\/schema\\\/logo\\\/image\\\/\"},\"sameAs\":[\"https:\\\/\\\/www.facebook.com\\\/royalstreamingmusic\\\/\",\"https:\\\/\\\/www.instagram.com\\\/royalstreaming\\\/\",\"https:\\\/\\\/linkedin.com\\\/company\\\/royal-streaming\",\"https:\\\/\\\/open.spotify.com\\\/user\\\/royalstreamingmusic\",\"https:\\\/\\\/www.youtube.com\\\/@RoyalStreaming\"]}]}<\/script>\n<!-- \/ Yoast SEO plugin. -->","yoast_head_json":{"title":"Musik i gym - Royal Streaming","description":"H\u00f6j energin i ditt gym med r\u00e4tt typ av musik. V\u00e5r musiktj\u00e4nst passar allt fr\u00e5n grupptr\u00e4ning och PT-studios till yoga och funktionell tr\u00e4ning.","robots":{"index":"index","follow":"follow","max-snippet":"max-snippet:-1","max-image-preview":"max-image-preview:large","max-video-preview":"max-video-preview:-1"},"canonical":"https:\/\/royalstreaming.com\/sv\/branscher\/musik-i-gym\/","og_locale":"sv_SE","og_type":"article","og_title":"Musik i gym - Royal Streaming","og_description":"H\u00f6j energin i ditt gym med r\u00e4tt typ av musik. V\u00e5r musiktj\u00e4nst passar allt fr\u00e5n grupptr\u00e4ning och PT-studios till yoga och funktionell tr\u00e4ning.","og_url":"https:\/\/royalstreaming.com\/sv\/branscher\/musik-i-gym\/","og_site_name":"Royal Streaming","article_publisher":"https:\/\/www.facebook.com\/royalstreamingmusic\/","article_modified_time":"2026-02-20T11:31:01+00:00","twitter_card":"summary_large_image","twitter_misc":{"Ber\u00e4knad l\u00e4stid":"4 minuter"},"schema":{"@context":"https:\/\/schema.org","@graph":[{"@type":"WebPage","@id":"https:\/\/royalstreaming.com\/sv\/branscher\/musik-i-gym\/","url":"https:\/\/royalstreaming.com\/sv\/branscher\/musik-i-gym\/","name":"Musik i gym - Royal Streaming","isPartOf":{"@id":"https:\/\/royalstreaming.com\/sv\/#website"},"datePublished":"2025-02-19T13:49:23+00:00","dateModified":"2026-02-20T11:31:01+00:00","description":"H\u00f6j energin i ditt gym med r\u00e4tt typ av musik. V\u00e5r musiktj\u00e4nst passar allt fr\u00e5n grupptr\u00e4ning och PT-studios till yoga och funktionell tr\u00e4ning.","breadcrumb":{"@id":"https:\/\/royalstreaming.com\/sv\/branscher\/musik-i-gym\/#breadcrumb"},"inLanguage":"sv-SE","potentialAction":[{"@type":"ReadAction","target":["https:\/\/royalstreaming.com\/sv\/branscher\/musik-i-gym\/"]}]},{"@type":"BreadcrumbList","@id":"https:\/\/royalstreaming.com\/sv\/branscher\/musik-i-gym\/#breadcrumb","itemListElement":[{"@type":"ListItem","position":1,"name":"Hem","item":"https:\/\/royalstreaming.com\/sv\/"},{"@type":"ListItem","position":2,"name":"Branscher","item":"https:\/\/royalstreaming.com\/sv\/branscher\/"},{"@type":"ListItem","position":3,"name":"Musik i gym"}]},{"@type":"WebSite","@id":"https:\/\/royalstreaming.com\/sv\/#website","url":"https:\/\/royalstreaming.com\/sv\/","name":"Royal Streaming","description":"Bringing brands to life","publisher":{"@id":"https:\/\/royalstreaming.com\/sv\/#organization"},"potentialAction":[{"@type":"SearchAction","target":{"@type":"EntryPoint","urlTemplate":"https:\/\/royalstreaming.com\/sv\/?s={search_term_string}"},"query-input":{"@type":"PropertyValueSpecification","valueRequired":true,"valueName":"search_term_string"}}],"inLanguage":"sv-SE"},{"@type":"Organization","@id":"https:\/\/royalstreaming.com\/sv\/#organization","name":"Royal Streaming","url":"https:\/\/royalstreaming.com\/sv\/","logo":{"@type":"ImageObject","inLanguage":"sv-SE","@id":"https:\/\/royalstreaming.com\/sv\/#\/schema\/logo\/image\/","url":"https:\/\/royalstreaming.com\/wp-content\/uploads\/2025\/03\/logo.png","contentUrl":"https:\/\/royalstreaming.com\/wp-content\/uploads\/2025\/03\/logo.png","width":1756,"height":253,"caption":"Royal Streaming"},"image":{"@id":"https:\/\/royalstreaming.com\/sv\/#\/schema\/logo\/image\/"},"sameAs":["https:\/\/www.facebook.com\/royalstreamingmusic\/","https:\/\/www.instagram.com\/royalstreaming\/","https:\/\/linkedin.com\/company\/royal-streaming","https:\/\/open.spotify.com\/user\/royalstreamingmusic","https:\/\/www.youtube.com\/@RoyalStreaming"]}]}},"_links":{"self":[{"href":"https:\/\/royalstreaming.com\/sv\/wp-json\/wp\/v2\/pages\/236","targetHints":{"allow":["GET"]}}],"collection":[{"href":"https:\/\/royalstreaming.com\/sv\/wp-json\/wp\/v2\/pages"}],"about":[{"href":"https:\/\/royalstreaming.com\/sv\/wp-json\/wp\/v2\/types\/page"}],"author":[{"embeddable":true,"href":"https:\/\/royalstreaming.com\/sv\/wp-json\/wp\/v2\/users\/1"}],"replies":[{"embeddable":true,"href":"https:\/\/royalstreaming.com\/sv\/wp-json\/wp\/v2\/comments?post=236"}],"version-history":[{"count":46,"href":"https:\/\/royalstreaming.com\/sv\/wp-json\/wp\/v2\/pages\/236\/revisions"}],"predecessor-version":[{"id":6845,"href":"https:\/\/royalstreaming.com\/sv\/wp-json\/wp\/v2\/pages\/236\/revisions\/6845"}],"up":[{"embeddable":true,"href":"https:\/\/royalstreaming.com\/sv\/wp-json\/wp\/v2\/pages\/254"}],"wp:attachment":[{"href":"https:\/\/royalstreaming.com\/sv\/wp-json\/wp\/v2\/media?parent=236"}],"curies":[{"name":"wp","href":"https:\/\/api.w.org\/{rel}","templated":true}]}}