{"id":248,"date":"2025-02-19T14:50:17","date_gmt":"2025-02-19T13:50:17","guid":{"rendered":"http:\/\/royal\/?page_id=248"},"modified":"2026-02-23T16:42:58","modified_gmt":"2026-02-23T15:42:58","slug":"rattigheter-licenser","status":"publish","type":"page","link":"https:\/\/royalstreaming.com\/sv\/rattigheter-licenser\/","title":{"rendered":"R\u00e4ttigheter &#038; licenser"},"content":{"rendered":"","protected":false},"excerpt":{"rendered":"","protected":false},"author":1,"featured_media":0,"parent":0,"menu_order":0,"comment_status":"closed","ping_status":"closed","template":"ct-flexible-sections.php","meta":{"_acf_changed":false,"footnotes":"","_links_to":"","_links_to_target":""},"class_list":["post-248","page","type-page","status-publish","hentry"],"acf":[],"yoast_head":"<!-- This site is optimized with the Yoast SEO plugin v27.4 - https:\/\/yoast.com\/product\/yoast-seo-wordpress\/ -->\n<title>R\u00e4ttigheter &amp; licenser - Royal Streaming<\/title>\n<meta name=\"description\" content=\"Vad g\u00e4ller egentligen kring musikr\u00e4ttigheter n\u00e4r du spelar musik i din verksamhet? Vi guidar dig genom licensdjungeln \u2013 oavsett musikval.\" \/>\n<meta name=\"robots\" content=\"index, follow, max-snippet:-1, max-image-preview:large, max-video-preview:-1\" \/>\n<link rel=\"canonical\" href=\"https:\/\/royalstreaming.com\/sv\/rattigheter-licenser\/\" \/>\n<meta property=\"og:locale\" content=\"sv_SE\" \/>\n<meta property=\"og:type\" content=\"article\" \/>\n<meta property=\"og:title\" content=\"R\u00e4ttigheter &amp; licenser - Royal Streaming\" \/>\n<meta property=\"og:description\" content=\"Vad g\u00e4ller egentligen kring musikr\u00e4ttigheter n\u00e4r du spelar musik i din verksamhet? Vi guidar dig genom licensdjungeln \u2013 oavsett musikval.\" \/>\n<meta property=\"og:url\" content=\"https:\/\/royalstreaming.com\/sv\/rattigheter-licenser\/\" \/>\n<meta property=\"og:site_name\" content=\"Royal Streaming\" \/>\n<meta property=\"article:publisher\" content=\"https:\/\/www.facebook.com\/royalstreamingmusic\/\" \/>\n<meta property=\"article:modified_time\" content=\"2026-02-23T15:42:58+00:00\" \/>\n<meta name=\"twitter:card\" content=\"summary_large_image\" \/>\n<meta name=\"twitter:label1\" content=\"Ber\u00e4knad l\u00e4stid\" \/>\n\t<meta name=\"twitter:data1\" content=\"3 minuter\" \/>\n<script type=\"application\/ld+json\" class=\"yoast-schema-graph\">{\"@context\":\"https:\\\/\\\/schema.org\",\"@graph\":[{\"@type\":\"WebPage\",\"@id\":\"https:\\\/\\\/royalstreaming.com\\\/sv\\\/rattigheter-licenser\\\/\",\"url\":\"https:\\\/\\\/royalstreaming.com\\\/sv\\\/rattigheter-licenser\\\/\",\"name\":\"R\u00e4ttigheter & licenser - Royal Streaming\",\"isPartOf\":{\"@id\":\"https:\\\/\\\/royalstreaming.com\\\/sv\\\/#website\"},\"datePublished\":\"2025-02-19T13:50:17+00:00\",\"dateModified\":\"2026-02-23T15:42:58+00:00\",\"description\":\"Vad g\u00e4ller egentligen kring musikr\u00e4ttigheter n\u00e4r du spelar musik i din verksamhet? Vi guidar dig genom licensdjungeln \u2013 oavsett musikval.\",\"breadcrumb\":{\"@id\":\"https:\\\/\\\/royalstreaming.com\\\/sv\\\/rattigheter-licenser\\\/#breadcrumb\"},\"inLanguage\":\"sv-SE\",\"potentialAction\":[{\"@type\":\"ReadAction\",\"target\":[\"https:\\\/\\\/royalstreaming.com\\\/sv\\\/rattigheter-licenser\\\/\"]}]},{\"@type\":\"BreadcrumbList\",\"@id\":\"https:\\\/\\\/royalstreaming.com\\\/sv\\\/rattigheter-licenser\\\/#breadcrumb\",\"itemListElement\":[{\"@type\":\"ListItem\",\"position\":1,\"name\":\"Hem\",\"item\":\"https:\\\/\\\/royalstreaming.com\\\/sv\\\/\"},{\"@type\":\"ListItem\",\"position\":2,\"name\":\"R\u00e4ttigheter &#038; licenser\"}]},{\"@type\":\"WebSite\",\"@id\":\"https:\\\/\\\/royalstreaming.com\\\/sv\\\/#website\",\"url\":\"https:\\\/\\\/royalstreaming.com\\\/sv\\\/\",\"name\":\"Royal Streaming\",\"description\":\"Bringing brands to life\",\"publisher\":{\"@id\":\"https:\\\/\\\/royalstreaming.com\\\/sv\\\/#organization\"},\"potentialAction\":[{\"@type\":\"SearchAction\",\"target\":{\"@type\":\"EntryPoint\",\"urlTemplate\":\"https:\\\/\\\/royalstreaming.com\\\/sv\\\/?s={search_term_string}\"},\"query-input\":{\"@type\":\"PropertyValueSpecification\",\"valueRequired\":true,\"valueName\":\"search_term_string\"}}],\"inLanguage\":\"sv-SE\"},{\"@type\":\"Organization\",\"@id\":\"https:\\\/\\\/royalstreaming.com\\\/sv\\\/#organization\",\"name\":\"Royal Streaming\",\"url\":\"https:\\\/\\\/royalstreaming.com\\\/sv\\\/\",\"logo\":{\"@type\":\"ImageObject\",\"inLanguage\":\"sv-SE\",\"@id\":\"https:\\\/\\\/royalstreaming.com\\\/sv\\\/#\\\/schema\\\/logo\\\/image\\\/\",\"url\":\"https:\\\/\\\/royalstreaming.com\\\/wp-content\\\/uploads\\\/2025\\\/03\\\/logo.png\",\"contentUrl\":\"https:\\\/\\\/royalstreaming.com\\\/wp-content\\\/uploads\\\/2025\\\/03\\\/logo.png\",\"width\":1756,\"height\":253,\"caption\":\"Royal Streaming\"},\"image\":{\"@id\":\"https:\\\/\\\/royalstreaming.com\\\/sv\\\/#\\\/schema\\\/logo\\\/image\\\/\"},\"sameAs\":[\"https:\\\/\\\/www.facebook.com\\\/royalstreamingmusic\\\/\",\"https:\\\/\\\/www.instagram.com\\\/royalstreaming\\\/\",\"https:\\\/\\\/linkedin.com\\\/company\\\/royal-streaming\",\"https:\\\/\\\/open.spotify.com\\\/user\\\/royalstreamingmusic\",\"https:\\\/\\\/www.youtube.com\\\/@RoyalStreaming\"]}]}<\/script>\n<!-- \/ Yoast SEO plugin. -->","yoast_head_json":{"title":"R\u00e4ttigheter & licenser - Royal Streaming","description":"Vad g\u00e4ller egentligen kring musikr\u00e4ttigheter n\u00e4r du spelar musik i din verksamhet? Vi guidar dig genom licensdjungeln \u2013 oavsett musikval.","robots":{"index":"index","follow":"follow","max-snippet":"max-snippet:-1","max-image-preview":"max-image-preview:large","max-video-preview":"max-video-preview:-1"},"canonical":"https:\/\/royalstreaming.com\/sv\/rattigheter-licenser\/","og_locale":"sv_SE","og_type":"article","og_title":"R\u00e4ttigheter & licenser - Royal Streaming","og_description":"Vad g\u00e4ller egentligen kring musikr\u00e4ttigheter n\u00e4r du spelar musik i din verksamhet? Vi guidar dig genom licensdjungeln \u2013 oavsett musikval.","og_url":"https:\/\/royalstreaming.com\/sv\/rattigheter-licenser\/","og_site_name":"Royal Streaming","article_publisher":"https:\/\/www.facebook.com\/royalstreamingmusic\/","article_modified_time":"2026-02-23T15:42:58+00:00","twitter_card":"summary_large_image","twitter_misc":{"Ber\u00e4knad l\u00e4stid":"3 minuter"},"schema":{"@context":"https:\/\/schema.org","@graph":[{"@type":"WebPage","@id":"https:\/\/royalstreaming.com\/sv\/rattigheter-licenser\/","url":"https:\/\/royalstreaming.com\/sv\/rattigheter-licenser\/","name":"R\u00e4ttigheter & licenser - Royal Streaming","isPartOf":{"@id":"https:\/\/royalstreaming.com\/sv\/#website"},"datePublished":"2025-02-19T13:50:17+00:00","dateModified":"2026-02-23T15:42:58+00:00","description":"Vad g\u00e4ller egentligen kring musikr\u00e4ttigheter n\u00e4r du spelar musik i din verksamhet? Vi guidar dig genom licensdjungeln \u2013 oavsett musikval.","breadcrumb":{"@id":"https:\/\/royalstreaming.com\/sv\/rattigheter-licenser\/#breadcrumb"},"inLanguage":"sv-SE","potentialAction":[{"@type":"ReadAction","target":["https:\/\/royalstreaming.com\/sv\/rattigheter-licenser\/"]}]},{"@type":"BreadcrumbList","@id":"https:\/\/royalstreaming.com\/sv\/rattigheter-licenser\/#breadcrumb","itemListElement":[{"@type":"ListItem","position":1,"name":"Hem","item":"https:\/\/royalstreaming.com\/sv\/"},{"@type":"ListItem","position":2,"name":"R\u00e4ttigheter &#038; licenser"}]},{"@type":"WebSite","@id":"https:\/\/royalstreaming.com\/sv\/#website","url":"https:\/\/royalstreaming.com\/sv\/","name":"Royal Streaming","description":"Bringing brands to life","publisher":{"@id":"https:\/\/royalstreaming.com\/sv\/#organization"},"potentialAction":[{"@type":"SearchAction","target":{"@type":"EntryPoint","urlTemplate":"https:\/\/royalstreaming.com\/sv\/?s={search_term_string}"},"query-input":{"@type":"PropertyValueSpecification","valueRequired":true,"valueName":"search_term_string"}}],"inLanguage":"sv-SE"},{"@type":"Organization","@id":"https:\/\/royalstreaming.com\/sv\/#organization","name":"Royal Streaming","url":"https:\/\/royalstreaming.com\/sv\/","logo":{"@type":"ImageObject","inLanguage":"sv-SE","@id":"https:\/\/royalstreaming.com\/sv\/#\/schema\/logo\/image\/","url":"https:\/\/royalstreaming.com\/wp-content\/uploads\/2025\/03\/logo.png","contentUrl":"https:\/\/royalstreaming.com\/wp-content\/uploads\/2025\/03\/logo.png","width":1756,"height":253,"caption":"Royal Streaming"},"image":{"@id":"https:\/\/royalstreaming.com\/sv\/#\/schema\/logo\/image\/"},"sameAs":["https:\/\/www.facebook.com\/royalstreamingmusic\/","https:\/\/www.instagram.com\/royalstreaming\/","https:\/\/linkedin.com\/company\/royal-streaming","https:\/\/open.spotify.com\/user\/royalstreamingmusic","https:\/\/www.youtube.com\/@RoyalStreaming"]}]}},"_links":{"self":[{"href":"https:\/\/royalstreaming.com\/sv\/wp-json\/wp\/v2\/pages\/248","targetHints":{"allow":["GET"]}}],"collection":[{"href":"https:\/\/royalstreaming.com\/sv\/wp-json\/wp\/v2\/pages"}],"about":[{"href":"https:\/\/royalstreaming.com\/sv\/wp-json\/wp\/v2\/types\/page"}],"author":[{"embeddable":true,"href":"https:\/\/royalstreaming.com\/sv\/wp-json\/wp\/v2\/users\/1"}],"replies":[{"embeddable":true,"href":"https:\/\/royalstreaming.com\/sv\/wp-json\/wp\/v2\/comments?post=248"}],"version-history":[{"count":32,"href":"https:\/\/royalstreaming.com\/sv\/wp-json\/wp\/v2\/pages\/248\/revisions"}],"predecessor-version":[{"id":6873,"href":"https:\/\/royalstreaming.com\/sv\/wp-json\/wp\/v2\/pages\/248\/revisions\/6873"}],"wp:attachment":[{"href":"https:\/\/royalstreaming.com\/sv\/wp-json\/wp\/v2\/media?parent=248"}],"curies":[{"name":"wp","href":"https:\/\/api.w.org\/{rel}","templated":true}]}}